{"id":103,"date":"2024-04-30T18:56:42","date_gmt":"2024-04-30T23:56:42","guid":{"rendered":"https:\/\/clinkish.com\/about\/"},"modified":"2026-02-15T18:56:05","modified_gmt":"2026-02-15T23:56:05","slug":"about","status":"publish","type":"page","link":"https:\/\/clinkish.com\/en\/about\/","title":{"rendered":"About"},"content":{"rendered":"\t\t<div data-elementor-type=\"wp-page\" data-elementor-id=\"103\" class=\"elementor elementor-103\">\n\t\t\t\t\t\t<section class=\"elementor-section elementor-top-section elementor-element elementor-element-n228ni3 elementor-section-content-middle elementor-reverse-mobile elementor-section-boxed elementor-section-height-default elementor-section-height-default\" data-id=\"n228ni3\" data-element_type=\"section\" data-e-type=\"section\">\n\t\t\t\t\t\t\t<div class=\"elementor-background-overlay\"><\/div>\n\t\t\t\t\t\t\t<div class=\"elementor-container elementor-column-gap-default\">\n\t\t\t\t\t<div class=\"elementor-column elementor-col-100 elementor-top-column elementor-element elementor-element-084e730\" data-id=\"084e730\" data-element_type=\"column\" data-e-type=\"column\">\n\t\t\t<div class=\"elementor-widget-wrap elementor-element-populated\">\n\t\t\t\t\t\t<div class=\"elementor-element elementor-element-e0419e5 elementor-widget elementor-widget-text-editor\" data-id=\"e0419e5\" data-element_type=\"widget\" data-e-type=\"widget\" data-widget_type=\"text-editor.default\">\n\t\t\t\t<div class=\"elementor-widget-container\">\n\t\t\t\t\t\t\t\t\t<p>Soy dise\u00f1adora gr\u00e1fica multidisclipinar, con un particular inter\u00e9s en arte y Manualidades.\u00a0<\/p><p>Hace un tiempo, me dej\u00e9 cautivar por el trabajo artesanal con vitral y su capacidad de a\u00f1adir calidez y autenticidad en los espacios interiores.\u00a0<\/p><p>La propuesta parte de explorar el imaginario del mundo y sus formas a trav\u00e9s de la abstracci\u00f3n geom\u00e9trica.<\/p>\t\t\t\t\t\t\t\t<\/div>\n\t\t\t\t<\/div>\n\t\t\t\t\t<\/div>\n\t\t<\/div>\n\t\t\t\t\t<\/div>\n\t\t<\/section>\n\t\t<div class=\"elementor-element elementor-element-d40f415 e-flex e-con-boxed e-con e-parent\" data-id=\"d40f415\" data-element_type=\"container\" data-e-type=\"container\">\n\t\t\t\t\t<div class=\"e-con-inner\">\n\t\t<div class=\"elementor-element elementor-element-1c4f9ce e-con-full e-flex e-con e-child\" data-id=\"1c4f9ce\" data-element_type=\"container\" data-e-type=\"container\">\n\t\t\t\t<div class=\"elementor-element elementor-element-aa95e0c elementor-widget elementor-widget-image\" data-id=\"aa95e0c\" data-element_type=\"widget\" data-e-type=\"widget\" data-widget_type=\"image.default\">\n\t\t\t\t<div class=\"elementor-widget-container\">\n\t\t\t\t\t\t\t\t\t\t\t\t\t\t\t<img decoding=\"async\" src=\"https:\/\/clinkish-com.preview-domain.com\/wp-content\/uploads\/2022\/02\/about-image.jpg\" title=\"\" alt=\"\" loading=\"lazy\" \/>\t\t\t\t\t\t\t\t\t\t\t\t\t\t\t<\/div>\n\t\t\t\t<\/div>\n\t\t\t\t<\/div>\n\t\t\t\t\t<\/div>\n\t\t\t\t<\/div>\n\t\t\t\t<section class=\"elementor-section elementor-top-section elementor-element elementor-element-733ug07 elementor-section-full_width elementor-section-height-default elementor-section-height-default\" data-id=\"733ug07\" data-element_type=\"section\" data-e-type=\"section\">\n\t\t\t\t\t\t<div class=\"elementor-container elementor-column-gap-no\">\n\t\t\t\t\t<div class=\"elementor-column elementor-col-100 elementor-top-column elementor-element elementor-element-daafe35\" data-id=\"daafe35\" data-element_type=\"column\" data-e-type=\"column\">\n\t\t\t<div class=\"elementor-widget-wrap elementor-element-populated\">\n\t\t\t\t\t\t<section class=\"elementor-section elementor-inner-section elementor-element elementor-element-175c2b6 elementor-section-boxed elementor-section-height-default elementor-section-height-default\" data-id=\"175c2b6\" data-element_type=\"section\" data-e-type=\"section\">\n\t\t\t\t\t\t<div class=\"elementor-container elementor-column-gap-no\">\n\t\t\t\t\t<div class=\"elementor-column elementor-col-100 elementor-inner-column elementor-element elementor-element-c7385ee\" data-id=\"c7385ee\" data-element_type=\"column\" data-e-type=\"column\">\n\t\t\t<div class=\"elementor-widget-wrap elementor-element-populated\">\n\t\t\t\t\t\t<div class=\"elementor-element elementor-element-bc0b33d elementor-widget elementor-widget-video\" data-id=\"bc0b33d\" data-element_type=\"widget\" data-e-type=\"widget\" data-settings=\"{&quot;video_type&quot;:&quot;hosted&quot;,&quot;controls&quot;:&quot;yes&quot;}\" data-widget_type=\"video.default\">\n\t\t\t\t<div class=\"elementor-widget-container\">\n\t\t\t\t\t\t\t<div class=\"e-hosted-video elementor-wrapper elementor-open-inline\">\n\t\t\t\t\t<video class=\"elementor-video\" src=\"https:\/\/clinkish.com\/wp-content\/uploads\/2025\/02\/clink_pajaro.mp4\" controls=\"\" preload=\"metadata\" controlsList=\"nodownload\" poster=\"https:\/\/clinkish.com\/wp-content\/uploads\/2024\/04\/Captura-de-pantalla-2024-02-19-a-las-7.37.26-p.m.png\"><\/video>\n\t\t\t\t<\/div>\n\t\t\t\t\t\t<\/div>\n\t\t\t\t<\/div>\n\t\t\t\t\t<\/div>\n\t\t<\/div>\n\t\t\t\t\t<\/div>\n\t\t<\/section>\n\t\t\t\t\t<\/div>\n\t\t<\/div>\n\t\t\t\t\t<\/div>\n\t\t<\/section>\n\t\t<div class=\"elementor-element elementor-element-b2aefa5 e-flex e-con-boxed e-con e-parent\" data-id=\"b2aefa5\" data-element_type=\"container\" data-e-type=\"container\">\n\t\t\t\t\t<div class=\"e-con-inner\">\n\t\t<div class=\"elementor-element elementor-element-83b4bd4 e-con-full e-flex e-con e-child\" data-id=\"83b4bd4\" data-element_type=\"container\" data-e-type=\"container\">\n\t\t\t\t<div class=\"elementor-element elementor-element-852c44c elementor-widget elementor-widget-heading\" data-id=\"852c44c\" data-element_type=\"widget\" data-e-type=\"widget\" data-widget_type=\"heading.default\">\n\t\t\t\t<div class=\"elementor-widget-container\">\n\t\t\t\t\t<h3 class=\"elementor-heading-title elementor-size-default\">Contacto<\/h3>\t\t\t\t<\/div>\n\t\t\t\t<\/div>\n\t\t\t\t<div class=\"elementor-element elementor-element-a672cc5 elementor-widget elementor-widget-text-editor\" data-id=\"a672cc5\" data-element_type=\"widget\" data-e-type=\"widget\" data-widget_type=\"text-editor.default\">\n\t\t\t\t<div class=\"elementor-widget-container\">\n\t\t\t\t\t\t\t\t\t<p>D\u00e9janos saber si te interesa alg\u00fan dise\u00f1o personalizado o quieres venderlas en tu tienda\u00a0<\/p>\t\t\t\t\t\t\t\t<\/div>\n\t\t\t\t<\/div>\n\t\t\t\t<div class=\"elementor-element elementor-element-f91283c elementor-icon-list--layout-traditional elementor-list-item-link-full_width elementor-widget elementor-widget-icon-list\" data-id=\"f91283c\" data-element_type=\"widget\" data-e-type=\"widget\" data-widget_type=\"icon-list.default\">\n\t\t\t\t<div class=\"elementor-widget-container\">\n\t\t\t\t\t\t\t<ul class=\"elementor-icon-list-items\">\n\t\t\t\t\t\t\t<li class=\"elementor-icon-list-item\">\n\t\t\t\t\t\t\t\t\t\t\t<a href=\"mailto:info@clinkish.com\" target=\"_blank\">\n\n\t\t\t\t\t\t\t\t\t\t\t\t<span class=\"elementor-icon-list-icon\">\n\t\t\t\t\t\t\t<svg aria-hidden=\"true\" class=\"e-font-icon-svg e-far-envelope\" viewBox=\"0 0 512 512\" xmlns=\"http:\/\/www.w3.org\/2000\/svg\"><path d=\"M464 64H48C21.49 64 0 85.49 0 112v288c0 26.51 21.49 48 48 48h416c26.51 0 48-21.49 48-48V112c0-26.51-21.49-48-48-48zm0 48v40.805c-22.422 18.259-58.168 46.651-134.587 106.49-16.841 13.247-50.201 45.072-73.413 44.701-23.208.375-56.579-31.459-73.413-44.701C106.18 199.465 70.425 171.067 48 152.805V112h416zM48 400V214.398c22.914 18.251 55.409 43.862 104.938 82.646 21.857 17.205 60.134 55.186 103.062 54.955 42.717.231 80.509-37.199 103.053-54.947 49.528-38.783 82.032-64.401 104.947-82.653V400H48z\"><\/path><\/svg>\t\t\t\t\t\t<\/span>\n\t\t\t\t\t\t\t\t\t\t<span class=\"elementor-icon-list-text\">info@clinkish.com<\/span>\n\t\t\t\t\t\t\t\t\t\t\t<\/a>\n\t\t\t\t\t\t\t\t\t<\/li>\n\t\t\t\t\t\t<\/ul>\n\t\t\t\t\t\t<\/div>\n\t\t\t\t<\/div>\n\t\t\t\t<\/div>\n\t\t<div class=\"elementor-element elementor-element-90e40da e-con-full e-flex e-con e-child\" data-id=\"90e40da\" data-element_type=\"container\" data-e-type=\"container\">\n\t\t\t\t<div class=\"elementor-element elementor-element-98cb420 elementor-widget elementor-widget-shortcode\" data-id=\"98cb420\" data-element_type=\"widget\" data-e-type=\"widget\" data-widget_type=\"shortcode.default\">\n\t\t\t\t<div class=\"elementor-widget-container\">\n\t\t\t\t\t\t\t<div class=\"elementor-shortcode\"><div class=\"wpforms-container wpforms-container-full\" id=\"wpforms-898\"><form id=\"wpforms-form-898\" class=\"wpforms-validate wpforms-form wpforms-ajax-form\" data-formid=\"898\" method=\"post\" enctype=\"multipart\/form-data\" action=\"\/en\/wp-json\/wp\/v2\/pages\/103\" data-token=\"82b071027da74ae1df03951c2acd99ba\" data-token-time=\"1775793710\"><noscript class=\"wpforms-error-noscript\">Please enable JavaScript in your browser to complete this form.<\/noscript><div class=\"wpforms-field-container\"><div id=\"wpforms-898-field_1-container\" class=\"wpforms-field wpforms-field-text\" data-field-id=\"1\"><label class=\"wpforms-field-label wpforms-label-hide\" for=\"wpforms-898-field_1\">Name <span class=\"wpforms-required-label\">*<\/span><\/label><input type=\"text\" id=\"wpforms-898-field_1\" class=\"wpforms-field-large wpforms-field-required\" name=\"wpforms[fields][1]\" placeholder=\"Name\" required><\/div>\t\t<div id=\"wpforms-898-field_3-container\"\n\t\t\tclass=\"wpforms-field wpforms-field-text\"\n\t\t\tdata-field-type=\"text\"\n\t\t\tdata-field-id=\"3\"\n\t\t\t>\n\t\t\t<label class=\"wpforms-field-label\" for=\"wpforms-898-field_3\" >Name Message Email<\/label>\n\t\t\t<input type=\"text\" id=\"wpforms-898-field_3\" class=\"wpforms-field-medium\" name=\"wpforms[fields][3]\" >\n\t\t<\/div>\n\t\t<div id=\"wpforms-898-field_2-container\" class=\"wpforms-field wpforms-field-text\" data-field-id=\"2\"><label class=\"wpforms-field-label wpforms-label-hide\" for=\"wpforms-898-field_2\">Email <span class=\"wpforms-required-label\">*<\/span><\/label><input type=\"text\" id=\"wpforms-898-field_2\" class=\"wpforms-field-large wpforms-field-required\" name=\"wpforms[fields][2]\" placeholder=\"Email\" required><\/div><div id=\"wpforms-898-field_4-container\" class=\"wpforms-field wpforms-field-textarea\" data-field-id=\"4\"><label class=\"wpforms-field-label wpforms-label-hide\" for=\"wpforms-898-field_4\">Message <span class=\"wpforms-required-label\">*<\/span><\/label><textarea id=\"wpforms-898-field_4\" class=\"wpforms-field-medium wpforms-field-required\" name=\"wpforms[fields][4]\" placeholder=\"Message\" required><\/textarea><\/div><script>\n\t\t\t\t( function() {\n\t\t\t\t\tconst style = document.createElement( 'style' );\n\t\t\t\t\tstyle.appendChild( document.createTextNode( '#wpforms-898-field_3-container { position: absolute !important; overflow: hidden !important; display: inline !important; height: 1px !important; width: 1px !important; z-index: -1000 !important; padding: 0 !important; } #wpforms-898-field_3-container input { visibility: hidden; } #wpforms-conversational-form-page #wpforms-898-field_3-container label { counter-increment: none; }' ) );\n\t\t\t\t\tdocument.head.appendChild( style );\n\t\t\t\t\tdocument.currentScript?.remove();\n\t\t\t\t} )();\n\t\t\t<\/script><\/div><!-- .wpforms-field-container --><div class=\"wpforms-recaptcha-container wpforms-is-recaptcha wpforms-is-recaptcha-type-v2\" ><div class=\"g-recaptcha\" data-sitekey=\"6Lc05k0qAAAAAALaAU1jLZfxapeZS-LdA8BG1X13\"><\/div><input type=\"text\" name=\"g-recaptcha-hidden\" class=\"wpforms-recaptcha-hidden\" style=\"position:absolute!important;clip:rect(0,0,0,0)!important;height:1px!important;width:1px!important;border:0!important;overflow:hidden!important;padding:0!important;margin:0!important;\" data-rule-recaptcha=\"1\"><\/div><div class=\"wpforms-submit-container\" ><input type=\"hidden\" name=\"wpforms[id]\" value=\"898\"><input type=\"hidden\" name=\"page_title\" value=\"\"><input type=\"hidden\" name=\"page_url\" value=\"https:\/\/clinkish.com\/en\/wp-json\/wp\/v2\/pages\/103\"><input type=\"hidden\" name=\"url_referer\" value=\"\"><button type=\"submit\" name=\"wpforms[submit]\" id=\"wpforms-submit-898\" class=\"wpforms-submit\" data-alt-text=\"Sending...\" data-submit-text=\"SEND MESSAGE\" aria-live=\"assertive\" value=\"wpforms-submit\">SEND MESSAGE<\/button><img decoding=\"async\" src=\"https:\/\/clinkish.com\/wp-content\/plugins\/wpforms-lite\/assets\/images\/submit-spin.svg\" class=\"wpforms-submit-spinner\" style=\"display: none;\" width=\"26\" height=\"26\" alt=\"Loading\"><\/div><\/form><\/div>  <!-- .wpforms-container --><\/div>\n\t\t\t\t\t\t<\/div>\n\t\t\t\t<\/div>\n\t\t\t\t<\/div>\n\t\t\t\t\t<\/div>\n\t\t\t\t<\/div>\n\t\t\t\t<\/div>\n\t\t","protected":false},"excerpt":{"rendered":"<p>Soy dise\u00f1adora gr\u00e1fica multidisclipinar, con un particular inter\u00e9s en arte y Manualidades.\u00a0 Hace un tiempo, me dej\u00e9 cautivar por el trabajo artesanal con vitral y su capacidad de a\u00f1adir calidez y autenticidad en los espacios interiores.\u00a0 La propuesta parte de explorar el imaginario del mundo y sus formas a trav\u00e9s de la abstracci\u00f3n geom\u00e9trica. https:\/\/clinkish.com\/wp-content\/uploads\/2025\/02\/clink_pajaro.mp4 [&hellip;]<\/p>\n","protected":false},"author":1,"featured_media":0,"parent":0,"menu_order":0,"comment_status":"closed","ping_status":"closed","template":"","meta":{"_uag_custom_page_level_css":"","_monsterinsights_skip_tracking":false,"_monsterinsights_sitenote_active":false,"_monsterinsights_sitenote_note":"","_monsterinsights_sitenote_category":0,"site-sidebar-layout":"no-sidebar","site-content-layout":"page-builder","ast-site-content-layout":"full-width-container","site-content-style":"unboxed","site-sidebar-style":"unboxed","ast-global-header-display":"","ast-banner-title-visibility":"","ast-main-header-display":"","ast-hfb-above-header-display":"","ast-hfb-below-header-display":"","ast-hfb-mobile-header-display":"","site-post-title":"disabled","ast-breadcrumbs-content":"disabled","ast-featured-img":"disabled","footer-sml-layout":"","ast-disable-related-posts":"","theme-transparent-header-meta":"disabled","adv-header-id-meta":"","stick-header-meta":"","header-above-stick-meta":"","header-main-stick-meta":"","header-below-stick-meta":"","astra-migrate-meta-layouts":"set","ast-page-background-enabled":"default","ast-page-background-meta":{"desktop":{"background-color":"var(--ast-global-color-4)","background-image":"","background-repeat":"repeat","background-position":"center center","background-size":"auto","background-attachment":"scroll","background-type":"","background-media":"","overlay-type":"","overlay-color":"","overlay-opacity":"","overlay-gradient":""},"tablet":{"background-color":"","background-image":"","background-repeat":"repeat","background-position":"center center","background-size":"auto","background-attachment":"scroll","background-type":"","background-media":"","overlay-type":"","overlay-color":"","overlay-opacity":"","overlay-gradient":""},"mobile":{"background-color":"","background-image":"","background-repeat":"repeat","background-position":"center center","background-size":"auto","background-attachment":"scroll","background-type":"","background-media":"","overlay-type":"","overlay-color":"","overlay-opacity":"","overlay-gradient":""}},"ast-content-background-meta":{"desktop":{"background-color":"var(--ast-global-color-5)","background-image":"","background-repeat":"repeat","background-position":"center center","background-size":"auto","background-attachment":"scroll","background-type":"","background-media":"","overlay-type":"","overlay-color":"","overlay-opacity":"","overlay-gradient":""},"tablet":{"background-color":"var(--ast-global-color-5)","background-image":"","background-repeat":"repeat","background-position":"center center","background-size":"auto","background-attachment":"scroll","background-type":"","background-media":"","overlay-type":"","overlay-color":"","overlay-opacity":"","overlay-gradient":""},"mobile":{"background-color":"var(--ast-global-color-5)","background-image":"","background-repeat":"repeat","background-position":"center center","background-size":"auto","background-attachment":"scroll","background-type":"","background-media":"","overlay-type":"","overlay-color":"","overlay-opacity":"","overlay-gradient":""}},"footnotes":""},"class_list":["post-103","page","type-page","status-publish","hentry"],"yoast_head":"<!-- This site is optimized with the Yoast SEO plugin v27.3 - https:\/\/yoast.com\/product\/yoast-seo-wordpress\/ -->\n<title>About -<\/title>\n<meta name=\"robots\" content=\"index, follow, max-snippet:-1, max-image-preview:large, max-video-preview:-1\" \/>\n<link rel=\"canonical\" href=\"https:\/\/clinkish.com\/en\/about\/\" \/>\n<meta property=\"og:locale\" content=\"en_US\" \/>\n<meta property=\"og:type\" content=\"article\" \/>\n<meta property=\"og:title\" content=\"About -\" \/>\n<meta property=\"og:description\" content=\"Soy dise\u00f1adora gr\u00e1fica multidisclipinar, con un particular inter\u00e9s en arte y Manualidades.\u00a0 Hace un tiempo, me dej\u00e9 cautivar por el trabajo artesanal con vitral y su capacidad de a\u00f1adir calidez y autenticidad en los espacios interiores.\u00a0 La propuesta parte de explorar el imaginario del mundo y sus formas a trav\u00e9s de la abstracci\u00f3n geom\u00e9trica. https:\/\/clinkish.com\/wp-content\/uploads\/2025\/02\/clink_pajaro.mp4 [&hellip;]\" \/>\n<meta property=\"og:url\" content=\"https:\/\/clinkish.com\/en\/about\/\" \/>\n<meta property=\"og:site_name\" content=\"Clinkish\" \/>\n<meta property=\"article:publisher\" content=\"https:\/\/www.facebook.com\/profile.php?id=61557578699884\" \/>\n<meta property=\"article:modified_time\" content=\"2026-02-15T23:56:05+00:00\" \/>\n<meta property=\"og:image\" content=\"https:\/\/clinkish-com.preview-domain.com\/wp-content\/uploads\/2022\/02\/about-image.jpg\" \/>\n<meta name=\"twitter:card\" content=\"summary_large_image\" \/>\n<meta name=\"twitter:label1\" content=\"Est. reading time\" \/>\n\t<meta name=\"twitter:data1\" content=\"1 minute\" \/>\n<script type=\"application\/ld+json\" class=\"yoast-schema-graph\">{\"@context\":\"https:\\\/\\\/schema.org\",\"@graph\":[{\"@type\":\"WebPage\",\"@id\":\"https:\\\/\\\/clinkish.com\\\/about\\\/\",\"url\":\"https:\\\/\\\/clinkish.com\\\/about\\\/\",\"name\":\"About -\",\"isPartOf\":{\"@id\":\"https:\\\/\\\/clinkish.com\\\/#website\"},\"primaryImageOfPage\":{\"@id\":\"https:\\\/\\\/clinkish.com\\\/about\\\/#primaryimage\"},\"image\":{\"@id\":\"https:\\\/\\\/clinkish.com\\\/about\\\/#primaryimage\"},\"thumbnailUrl\":\"https:\\\/\\\/clinkish-com.preview-domain.com\\\/wp-content\\\/uploads\\\/2022\\\/02\\\/about-image.jpg\",\"datePublished\":\"2024-04-30T23:56:42+00:00\",\"dateModified\":\"2026-02-15T23:56:05+00:00\",\"breadcrumb\":{\"@id\":\"https:\\\/\\\/clinkish.com\\\/about\\\/#breadcrumb\"},\"inLanguage\":\"en-US\",\"potentialAction\":[{\"@type\":\"ReadAction\",\"target\":[\"https:\\\/\\\/clinkish.com\\\/about\\\/\"]}]},{\"@type\":\"ImageObject\",\"inLanguage\":\"en-US\",\"@id\":\"https:\\\/\\\/clinkish.com\\\/about\\\/#primaryimage\",\"url\":\"https:\\\/\\\/clinkish-com.preview-domain.com\\\/wp-content\\\/uploads\\\/2022\\\/02\\\/about-image.jpg\",\"contentUrl\":\"https:\\\/\\\/clinkish-com.preview-domain.com\\\/wp-content\\\/uploads\\\/2022\\\/02\\\/about-image.jpg\"},{\"@type\":\"BreadcrumbList\",\"@id\":\"https:\\\/\\\/clinkish.com\\\/about\\\/#breadcrumb\",\"itemListElement\":[{\"@type\":\"ListItem\",\"position\":1,\"name\":\"Inicio\",\"item\":\"https:\\\/\\\/clinkish.com\\\/\"},{\"@type\":\"ListItem\",\"position\":2,\"name\":\"About\"}]},{\"@type\":\"WebSite\",\"@id\":\"https:\\\/\\\/clinkish.com\\\/#website\",\"url\":\"https:\\\/\\\/clinkish.com\\\/\",\"name\":\"clinkish.com\",\"description\":\"L\u00e1mparas y decoraci\u00f3n vitral\",\"publisher\":{\"@id\":\"https:\\\/\\\/clinkish.com\\\/#organization\"},\"potentialAction\":[{\"@type\":\"SearchAction\",\"target\":{\"@type\":\"EntryPoint\",\"urlTemplate\":\"https:\\\/\\\/clinkish.com\\\/?s={search_term_string}\"},\"query-input\":{\"@type\":\"PropertyValueSpecification\",\"valueRequired\":true,\"valueName\":\"search_term_string\"}}],\"inLanguage\":\"en-US\"},{\"@type\":\"Organization\",\"@id\":\"https:\\\/\\\/clinkish.com\\\/#organization\",\"name\":\"clinkish.com\",\"url\":\"https:\\\/\\\/clinkish.com\\\/\",\"logo\":{\"@type\":\"ImageObject\",\"inLanguage\":\"en-US\",\"@id\":\"https:\\\/\\\/clinkish.com\\\/#\\\/schema\\\/logo\\\/image\\\/\",\"url\":\"https:\\\/\\\/clinkish.com\\\/wp-content\\\/uploads\\\/2024\\\/05\\\/clink_ish_Logow.png\",\"contentUrl\":\"https:\\\/\\\/clinkish.com\\\/wp-content\\\/uploads\\\/2024\\\/05\\\/clink_ish_Logow.png\",\"width\":500,\"height\":500,\"caption\":\"clinkish.com\"},\"image\":{\"@id\":\"https:\\\/\\\/clinkish.com\\\/#\\\/schema\\\/logo\\\/image\\\/\"},\"sameAs\":[\"https:\\\/\\\/www.facebook.com\\\/profile.php?id=61557578699884\",\"https:\\\/\\\/www.instagram.com\\\/clinkish\\\/\"]}]}<\/script>\n<!-- \/ Yoast SEO plugin. -->","yoast_head_json":{"title":"About -","robots":{"index":"index","follow":"follow","max-snippet":"max-snippet:-1","max-image-preview":"max-image-preview:large","max-video-preview":"max-video-preview:-1"},"canonical":"https:\/\/clinkish.com\/en\/about\/","og_locale":"en_US","og_type":"article","og_title":"About -","og_description":"Soy dise\u00f1adora gr\u00e1fica multidisclipinar, con un particular inter\u00e9s en arte y Manualidades.\u00a0 Hace un tiempo, me dej\u00e9 cautivar por el trabajo artesanal con vitral y su capacidad de a\u00f1adir calidez y autenticidad en los espacios interiores.\u00a0 La propuesta parte de explorar el imaginario del mundo y sus formas a trav\u00e9s de la abstracci\u00f3n geom\u00e9trica. https:\/\/clinkish.com\/wp-content\/uploads\/2025\/02\/clink_pajaro.mp4 [&hellip;]","og_url":"https:\/\/clinkish.com\/en\/about\/","og_site_name":"Clinkish","article_publisher":"https:\/\/www.facebook.com\/profile.php?id=61557578699884","article_modified_time":"2026-02-15T23:56:05+00:00","og_image":[{"url":"https:\/\/clinkish-com.preview-domain.com\/wp-content\/uploads\/2022\/02\/about-image.jpg","type":"","width":"","height":""}],"twitter_card":"summary_large_image","twitter_misc":{"Est. reading time":"1 minute"},"schema":{"@context":"https:\/\/schema.org","@graph":[{"@type":"WebPage","@id":"https:\/\/clinkish.com\/about\/","url":"https:\/\/clinkish.com\/about\/","name":"About -","isPartOf":{"@id":"https:\/\/clinkish.com\/#website"},"primaryImageOfPage":{"@id":"https:\/\/clinkish.com\/about\/#primaryimage"},"image":{"@id":"https:\/\/clinkish.com\/about\/#primaryimage"},"thumbnailUrl":"https:\/\/clinkish-com.preview-domain.com\/wp-content\/uploads\/2022\/02\/about-image.jpg","datePublished":"2024-04-30T23:56:42+00:00","dateModified":"2026-02-15T23:56:05+00:00","breadcrumb":{"@id":"https:\/\/clinkish.com\/about\/#breadcrumb"},"inLanguage":"en-US","potentialAction":[{"@type":"ReadAction","target":["https:\/\/clinkish.com\/about\/"]}]},{"@type":"ImageObject","inLanguage":"en-US","@id":"https:\/\/clinkish.com\/about\/#primaryimage","url":"https:\/\/clinkish-com.preview-domain.com\/wp-content\/uploads\/2022\/02\/about-image.jpg","contentUrl":"https:\/\/clinkish-com.preview-domain.com\/wp-content\/uploads\/2022\/02\/about-image.jpg"},{"@type":"BreadcrumbList","@id":"https:\/\/clinkish.com\/about\/#breadcrumb","itemListElement":[{"@type":"ListItem","position":1,"name":"Inicio","item":"https:\/\/clinkish.com\/"},{"@type":"ListItem","position":2,"name":"About"}]},{"@type":"WebSite","@id":"https:\/\/clinkish.com\/#website","url":"https:\/\/clinkish.com\/","name":"clinkish.com","description":"L\u00e1mparas y decoraci\u00f3n vitral","publisher":{"@id":"https:\/\/clinkish.com\/#organization"},"potentialAction":[{"@type":"SearchAction","target":{"@type":"EntryPoint","urlTemplate":"https:\/\/clinkish.com\/?s={search_term_string}"},"query-input":{"@type":"PropertyValueSpecification","valueRequired":true,"valueName":"search_term_string"}}],"inLanguage":"en-US"},{"@type":"Organization","@id":"https:\/\/clinkish.com\/#organization","name":"clinkish.com","url":"https:\/\/clinkish.com\/","logo":{"@type":"ImageObject","inLanguage":"en-US","@id":"https:\/\/clinkish.com\/#\/schema\/logo\/image\/","url":"https:\/\/clinkish.com\/wp-content\/uploads\/2024\/05\/clink_ish_Logow.png","contentUrl":"https:\/\/clinkish.com\/wp-content\/uploads\/2024\/05\/clink_ish_Logow.png","width":500,"height":500,"caption":"clinkish.com"},"image":{"@id":"https:\/\/clinkish.com\/#\/schema\/logo\/image\/"},"sameAs":["https:\/\/www.facebook.com\/profile.php?id=61557578699884","https:\/\/www.instagram.com\/clinkish\/"]}]}},"uagb_featured_image_src":{"full":false,"thumbnail":false,"medium":false,"medium_large":false,"large":false,"1536x1536":false,"2048x2048":false,"trp-custom-language-flag":false,"mailpoet_newsletter_max":false,"woocommerce_thumbnail":false,"woocommerce_single":false,"woocommerce_gallery_thumbnail":false},"uagb_author_info":{"display_name":"clinkish.com","author_link":"https:\/\/clinkish.com\/en\/author\/brown-stinkbug-824216-hostingersite-com\/"},"uagb_comment_info":0,"uagb_excerpt":"Soy dise\u00f1adora gr\u00e1fica multidisclipinar, con un particular inter\u00e9s en arte y Manualidades.\u00a0 Hace un tiempo, me dej\u00e9 cautivar por el trabajo artesanal con vitral y su capacidad de a\u00f1adir calidez y autenticidad en los espacios interiores.\u00a0 La propuesta parte de explorar el imaginario del mundo y sus formas a trav\u00e9s de la abstracci\u00f3n geom\u00e9trica. https:\/\/clinkish.com\/wp-content\/uploads\/2025\/02\/clink_pajaro.mp4&hellip;","jetpack_sharing_enabled":true,"_links":{"self":[{"href":"https:\/\/clinkish.com\/en\/wp-json\/wp\/v2\/pages\/103","targetHints":{"allow":["GET"]}}],"collection":[{"href":"https:\/\/clinkish.com\/en\/wp-json\/wp\/v2\/pages"}],"about":[{"href":"https:\/\/clinkish.com\/en\/wp-json\/wp\/v2\/types\/page"}],"author":[{"embeddable":true,"href":"https:\/\/clinkish.com\/en\/wp-json\/wp\/v2\/users\/1"}],"replies":[{"embeddable":true,"href":"https:\/\/clinkish.com\/en\/wp-json\/wp\/v2\/comments?post=103"}],"version-history":[{"count":106,"href":"https:\/\/clinkish.com\/en\/wp-json\/wp\/v2\/pages\/103\/revisions"}],"predecessor-version":[{"id":3714,"href":"https:\/\/clinkish.com\/en\/wp-json\/wp\/v2\/pages\/103\/revisions\/3714"}],"wp:attachment":[{"href":"https:\/\/clinkish.com\/en\/wp-json\/wp\/v2\/media?parent=103"}],"curies":[{"name":"wp","href":"https:\/\/api.w.org\/{rel}","templated":true}]}}